{"id":13,"date":"2013-06-01T14:46:48","date_gmt":"2013-06-01T14:46:48","guid":{"rendered":"http:\/\/migration2.beaucebeachvolley.com\/bbv\/?page_id=13"},"modified":"2025-08-13T13:04:54","modified_gmt":"2025-08-13T13:04:54","slug":"horaire-4-x-4-b","status":"publish","type":"page","link":"http:\/\/beaucebeachvolley.com\/bbv\/?page_id=13","title":{"rendered":"Horaire 4 x 4 &#8211; B"},"content":{"rendered":"<table width=\"100%\" cellspacing=\"0\" cellpadding=\"0\">\n<tbody>\n<tr>\n<td colspan=\"8\" valign=\"top\">\n<p align=\"center\"><span style=\"color: #000000;\"><span style=\"font-size: 36px;\"><b>Samedi 16 ao\u00fbt 2025<\/b><\/span><\/span><\/p>\n<\/td>\n<\/tr>\n<tr>\n<td valign=\"top\"><\/td>\n<td valign=\"top\">\n<p align=\"center\"><span style=\"color: #000000; font-size: medium;\"><b>A<\/b><\/span><\/p>\n<\/td>\n<td valign=\"top\"><\/td>\n<td valign=\"top\">\n<p align=\"center\"><span style=\"color: #000000; font-size: medium;\"><b>B<\/b><\/span><\/p>\n<\/td>\n<td valign=\"top\"><\/td>\n<td valign=\"top\">\n<p align=\"center\"><span style=\"color: #000000; font-size: medium;\"><b>C<\/b><\/span><\/p>\n<\/td>\n<td valign=\"top\"><\/td>\n<td valign=\"top\">\n<p align=\"center\"><span style=\"color: #000000; font-size: medium;\"><b>D<\/b><\/span><\/p>\n<\/td>\n<\/tr>\n<tr>\n<td valign=\"top\">\n<p align=\"center\"><span style=\"color: #000000; font-size: medium;\">1\u00a0<\/span><\/p>\n<\/td>\n<td valign=\"top\">\n<p align=\"center\">Tony Rodrigue<\/p>\n<\/td>\n<td valign=\"top\">\n<p align=\"center\"><span style=\"color: #000000; font-size: medium;\">4<\/span><\/p>\n<\/td>\n<td valign=\"top\">\n<p align=\"center\">Marie-Claude Lebreux<\/p>\n<\/td>\n<td valign=\"top\">\n<p align=\"center\"><span style=\"color: #000000; font-size: medium;\">7<\/span><\/p>\n<\/td>\n<td valign=\"top\">\n<p align=\"center\">Laurie Labb\u00e9<\/p>\n<\/td>\n<td valign=\"top\">\n<p align=\"center\"><span style=\"color: #000000; font-size: medium;\">10<\/span><\/p>\n<\/td>\n<td valign=\"top\">\n<p align=\"center\">Fran\u00e7ois Rodrigue<\/p>\n<\/td>\n<\/tr>\n<tr>\n<td valign=\"top\">\n<p align=\"center\"><span style=\"color: #000000; font-size: medium;\">2<\/span><\/p>\n<\/td>\n<td valign=\"top\">\n<p style=\"text-align: center;\">Sophie Dallaire<\/p>\n<\/td>\n<td valign=\"top\">\n<p align=\"center\"><span style=\"color: #000000; font-size: medium;\">5<\/span><\/p>\n<\/td>\n<td valign=\"top\">\n<p align=\"center\">William Poulin<\/p>\n<\/td>\n<td valign=\"top\">\n<p align=\"center\"><span style=\"color: #000000; font-size: medium;\">8<\/span><\/p>\n<\/td>\n<td valign=\"top\">\n<p align=\"center\">Michael Baillargeon<\/p>\n<\/td>\n<td valign=\"top\">\n<p align=\"center\"><span style=\"color: #000000; font-size: medium;\">11<\/span><\/p>\n<\/td>\n<td valign=\"top\">\n<p align=\"center\">V\u00e9ronique Pouliot<\/p>\n<\/td>\n<\/tr>\n<tr>\n<td valign=\"top\">\n<p align=\"center\"><span style=\"color: #000000; font-size: medium;\">3<\/span><\/p>\n<\/td>\n<td valign=\"top\">\n<p align=\"center\">Peneloppe Leclerc<\/p>\n<\/td>\n<td valign=\"top\">\n<p align=\"center\"><span style=\"color: #000000; font-size: medium;\">6<\/span><\/p>\n<\/td>\n<td valign=\"top\">\n<p align=\"center\">Steven Lessard<\/p>\n<\/td>\n<td valign=\"top\">\n<p align=\"center\"><span style=\"color: #000000; font-size: medium;\">9<\/span><\/p>\n<\/td>\n<td valign=\"top\">\n<p align=\"center\">Pierre Faucher<\/p>\n<\/td>\n<td valign=\"top\">\n<p align=\"center\"><span style=\"color: #000000; font-size: medium;\">12<\/span><\/p>\n<\/td>\n<td valign=\"top\">\n<p align=\"center\">Christian Quirion<\/p>\n<\/td>\n<\/tr>\n<tr>\n<td valign=\"top\"><\/td>\n<td valign=\"top\"><\/td>\n<td valign=\"top\"><\/td>\n<td valign=\"top\"><\/td>\n<td valign=\"top\"><\/td>\n<td valign=\"top\"><\/td>\n<td valign=\"top\"><\/td>\n<td valign=\"top\"><\/td>\n<\/tr>\n<tr>\n<td valign=\"top\"><\/td>\n<td valign=\"top\">\n<p align=\"center\"><span style=\"color: #000000; font-size: medium;\"><b>E<\/b><\/span><\/p>\n<\/td>\n<td valign=\"top\"><\/td>\n<td valign=\"top\">\n<p align=\"center\"><span style=\"color: #000000; font-size: medium;\"><b>F<\/b><\/span><\/p>\n<\/td>\n<td valign=\"top\"><\/td>\n<td valign=\"top\">\n<p align=\"center\"><span style=\"color: #000000; font-size: medium;\"><b>G<\/b><\/span><\/p>\n<\/td>\n<td valign=\"top\"><\/td>\n<td valign=\"top\">\n<p align=\"center\"><span style=\"color: #000000; font-size: medium;\"><b>H<\/b><\/span><\/p>\n<\/td>\n<\/tr>\n<tr>\n<td valign=\"top\">\n<p align=\"center\"><span style=\"color: #000000; font-size: medium;\">13<\/span><\/p>\n<\/td>\n<td valign=\"top\">\n<p align=\"center\">Eric Mercier<\/p>\n<\/td>\n<td valign=\"top\">\n<p align=\"center\"><span style=\"color: #000000; font-size: medium;\">16<\/span><\/p>\n<\/td>\n<td valign=\"top\">\n<p align=\"center\">Alexandre M\u00e9tivier<\/p>\n<\/td>\n<td valign=\"top\">\n<p align=\"center\"><span style=\"color: #000000; font-size: medium;\">19<\/span><\/p>\n<\/td>\n<td valign=\"top\">\n<p align=\"center\">Pier-Olivier Lachapelle<\/p>\n<\/td>\n<td valign=\"top\">\n<p align=\"center\"><span style=\"color: #000000; font-size: medium;\">22<\/span><\/p>\n<\/td>\n<td valign=\"top\">\n<p align=\"center\">\n<\/td>\n<\/tr>\n<tr>\n<td valign=\"top\">\n<p align=\"center\"><span style=\"color: #000000; font-size: medium;\">14<\/span><\/p>\n<\/td>\n<td valign=\"top\">\n<p align=\"center\">J\u00e9r\u00e9mie Ferland<\/p>\n<\/td>\n<td valign=\"top\">\n<p align=\"center\"><span style=\"color: #000000; font-size: medium;\">17<\/span><\/p>\n<\/td>\n<td valign=\"top\">\n<p align=\"center\">Maxime Doyon<\/p>\n<\/td>\n<td valign=\"top\">\n<p align=\"center\"><span style=\"color: #000000; font-size: medium;\">20<\/span><\/p>\n<\/td>\n<td valign=\"top\">\n<p align=\"center\">Carol-ann Rodrigue<\/p>\n<\/td>\n<td valign=\"top\">\n<p align=\"center\"><span style=\"color: #000000; font-size: medium;\">23<\/span><\/p>\n<\/td>\n<td valign=\"top\">\n<p align=\"center\">\n<\/td>\n<\/tr>\n<tr>\n<td valign=\"top\">\n<p align=\"center\"><span style=\"color: #000000; font-size: medium;\">15<\/span><\/p>\n<\/td>\n<td valign=\"top\">\n<p align=\"center\">Gabriel Fecteau<\/p>\n<\/td>\n<td valign=\"top\">\n<p align=\"center\"><span style=\"color: #000000; font-size: medium;\">18<\/span><\/p>\n<\/td>\n<td valign=\"top\">\n<p align=\"center\">Jessy Rodrigue<\/p>\n<\/td>\n<td valign=\"top\">\n<p align=\"center\"><span style=\"color: #000000; font-size: medium;\">21<\/span><\/p>\n<\/td>\n<td valign=\"top\">\n<p align=\"center\">Jean-Philippe Maranda<\/p>\n<\/td>\n<td valign=\"top\">\n<p align=\"center\"><span style=\"color: #000000; font-size: medium;\">24<\/span><\/p>\n<\/td>\n<td valign=\"top\">\n<p align=\"center\">\n<\/td>\n<\/tr>\n<tr>\n<td valign=\"top\"><\/td>\n<td valign=\"top\"><\/td>\n<td valign=\"top\"><\/td>\n<td valign=\"top\"><\/td>\n<td valign=\"top\"><\/td>\n<td valign=\"top\"><\/td>\n<td valign=\"top\"><\/td>\n<td valign=\"top\"><\/td>\n<\/tr>\n<tr>\n<td valign=\"top\"><\/td>\n<td valign=\"top\"><\/td>\n<td valign=\"top\"><\/td>\n<td valign=\"top\">\n<p align=\"center\"><span style=\"color: #000000; font-size: medium;\"><b>Terrain 1<\/b><\/span><\/p>\n<\/td>\n<td valign=\"top\"><\/td>\n<td valign=\"top\">\n<p align=\"center\"><span style=\"color: #000000; font-size: medium;\"><b>Terrain 2<\/b><\/span><\/p>\n<\/td>\n<td valign=\"top\"><\/td>\n<td valign=\"top\">\n<p align=\"center\"><span style=\"color: #000000; font-size: medium;\"><b>Terrain 3<\/b><\/span><\/p>\n<\/td>\n<\/tr>\n<tr>\n<td valign=\"top\"><\/td>\n<td valign=\"top\"><\/td>\n<td valign=\"top\"><\/td>\n<td valign=\"top\"><\/td>\n<td valign=\"top\"><\/td>\n<td valign=\"top\"><\/td>\n<td valign=\"top\"><\/td>\n<td valign=\"top\"><\/td>\n<\/tr>\n<tr>\n<td valign=\"top\"><\/td>\n<td valign=\"top\">\n<p align=\"center\"><span style=\"color: #ff0000; font-size: medium;\"><b>18h15<\/b><\/span><\/p>\n<\/td>\n<td valign=\"top\"><\/td>\n<td valign=\"top\">\n<p align=\"center\"><span style=\"color: #000000; font-size: medium;\">1 vs 3<\/span><\/p>\n<\/td>\n<td valign=\"top\"><\/td>\n<td valign=\"top\">\n<p align=\"center\"><span style=\"color: #000000; font-size: medium;\">4 vs 6<\/span><\/p>\n<\/td>\n<td valign=\"top\"><\/td>\n<td valign=\"top\">\n<p align=\"center\"><span style=\"color: #000000; font-size: medium;\">7 vs 9<\/span><\/p>\n<\/td>\n<\/tr>\n<tr>\n<td valign=\"top\"><\/td>\n<td valign=\"top\">\n<p align=\"center\"><span style=\"color: #ff0000; font-size: medium;\"><b>18h45<\/b><\/span><\/p>\n<\/td>\n<td valign=\"top\"><\/td>\n<td valign=\"top\">\n<p align=\"center\"><span style=\"color: #000000; font-size: medium;\">2 vs 3<\/span><\/p>\n<\/td>\n<td valign=\"top\"><\/td>\n<td valign=\"top\">\n<p align=\"center\"><span style=\"color: #000000; font-size: medium;\">5 vs 6<\/span><\/p>\n<\/td>\n<td valign=\"top\"><\/td>\n<td valign=\"top\">\n<p align=\"center\"><span style=\"color: #000000; font-size: medium;\">8 vs 9<\/span><\/p>\n<\/td>\n<\/tr>\n<tr>\n<td valign=\"top\"><\/td>\n<td valign=\"top\">\n<p align=\"center\"><span style=\"color: #ff0000; font-size: medium;\"><b>19h15<\/b><\/span><\/p>\n<\/td>\n<td valign=\"top\"><\/td>\n<td valign=\"top\">\n<p align=\"center\"><span style=\"color: #000000; font-size: medium;\">20 vs 21<\/span><\/p>\n<\/td>\n<td valign=\"top\"><\/td>\n<td valign=\"top\">\n<p align=\"center\"><span style=\"color: #000000; font-size: medium;\">4 vs 5<\/span><\/p>\n<\/td>\n<td valign=\"top\"><\/td>\n<td valign=\"top\">\n<p align=\"center\"><span style=\"color: #000000; font-size: medium;\">1 vs 2<\/span><\/p>\n<\/td>\n<\/tr>\n<tr>\n<td valign=\"top\"><\/td>\n<td valign=\"top\">\n<p align=\"center\"><span style=\"color: #ff0000; font-size: medium;\"><span style=\"caret-color: #ff0000;\"><b>19h45<\/b><\/span><\/span><\/p>\n<\/td>\n<td valign=\"top\"><\/td>\n<td valign=\"top\">\n<p align=\"center\"><span style=\"color: #000000; font-size: medium;\">19 vs 20<\/span><\/p>\n<\/td>\n<td valign=\"top\"><\/td>\n<td valign=\"top\">\n<p align=\"center\">\n<\/td>\n<td valign=\"top\"><\/td>\n<td valign=\"top\">\n<p align=\"center\"><span style=\"color: #000000; font-size: medium;\">7 vs 8<\/span><\/p>\n<\/td>\n<\/tr>\n<tr>\n<td valign=\"top\"><\/td>\n<td valign=\"top\"><\/td>\n<td valign=\"top\"><\/td>\n<td valign=\"top\"><\/td>\n<td valign=\"top\"><\/td>\n<td valign=\"top\"><\/td>\n<td valign=\"top\"><\/td>\n<td valign=\"top\"><\/td>\n<\/tr>\n<tr>\n<td valign=\"top\"><\/td>\n<td valign=\"top\"><\/td>\n<td valign=\"top\"><\/td>\n<td valign=\"top\">\n<p align=\"center\"><span style=\"color: #000000; font-size: medium;\"><b>Terrain 4<\/b><\/span><\/p>\n<\/td>\n<td valign=\"top\"><\/td>\n<td valign=\"top\">\n<p align=\"center\"><span style=\"color: #000000; font-size: medium;\"><b>Terrain 5<\/b><\/span><\/p>\n<\/td>\n<td valign=\"top\"><\/td>\n<td valign=\"top\">\n<p align=\"center\"><span style=\"color: #000000; font-size: medium;\"><b>Terrain 6<\/b><\/span><\/p>\n<\/td>\n<\/tr>\n<tr>\n<td valign=\"top\"><\/td>\n<td valign=\"top\"><\/td>\n<td valign=\"top\"><\/td>\n<td valign=\"top\"><\/td>\n<td valign=\"top\"><\/td>\n<td valign=\"top\"><\/td>\n<td valign=\"top\"><\/td>\n<td valign=\"top\"><\/td>\n<\/tr>\n<tr>\n<td valign=\"top\"><\/td>\n<td valign=\"top\">\n<p align=\"center\"><span style=\"color: #ff0000; font-size: medium;\"><b>18h15<\/b><\/span><\/p>\n<\/td>\n<td valign=\"top\"><\/td>\n<td valign=\"top\">\n<p align=\"center\"><span style=\"color: #000000; font-size: medium;\">10 vs12 <\/span><\/p>\n<\/td>\n<td valign=\"top\"><\/td>\n<td valign=\"top\">\n<p align=\"center\"><span style=\"color: #000000; font-size: medium;\">13 vs 15<\/span><\/p>\n<\/td>\n<td valign=\"top\"><\/td>\n<td valign=\"top\">\n<p align=\"center\"><span style=\"color: #000000; font-size: medium;\">16 vs 18<\/span><\/p>\n<\/td>\n<\/tr>\n<tr>\n<td valign=\"top\"><\/td>\n<td valign=\"top\">\n<p align=\"center\"><span style=\"color: #ff0000; font-size: medium;\"><b>18h45<\/b><\/span><\/p>\n<\/td>\n<td valign=\"top\"><\/td>\n<td valign=\"top\">\n<p align=\"center\"><span style=\"color: #000000; font-size: medium;\">11 vs 12<\/span><\/p>\n<\/td>\n<td valign=\"top\"><\/td>\n<td valign=\"top\">\n<p align=\"center\"><span style=\"color: #000000; font-size: medium;\">14 vs 15<\/span><\/p>\n<\/td>\n<td valign=\"top\"><\/td>\n<td valign=\"top\">\n<p align=\"center\"><span style=\"color: #000000; font-size: medium;\">19 vs 21<\/span><\/p>\n<\/td>\n<\/tr>\n<tr>\n<td valign=\"top\"><\/td>\n<td valign=\"top\">\n<p align=\"center\"><span style=\"color: #ff0000; font-size: medium;\"><b>19h15<\/b><\/span><\/p>\n<\/td>\n<td valign=\"top\"><\/td>\n<td valign=\"top\">\n<p align=\"center\"><span style=\"color: #000000; font-size: medium;\">10 vs 11<\/span><\/p>\n<\/td>\n<td valign=\"top\"><\/td>\n<td valign=\"top\">\n<p align=\"center\"><span style=\"color: #000000; font-size: medium;\">13 vs14<\/span><\/p>\n<\/td>\n<td valign=\"top\"><\/td>\n<td valign=\"top\">\n<p align=\"center\"><span style=\"color: #000000; font-size: medium;\">17 vs 18<\/span><\/p>\n<\/td>\n<\/tr>\n<tr>\n<td valign=\"top\"><\/td>\n<td valign=\"top\">\n<p align=\"center\"><span style=\"color: #ff0000; font-size: medium;\"><span style=\"caret-color: #ff0000;\"><b>19h45<\/b><\/span><\/span><\/p>\n<\/td>\n<td valign=\"top\"><\/td>\n<td valign=\"top\">\n<p align=\"center\">\n<\/td>\n<td valign=\"top\"><\/td>\n<td valign=\"top\">\n<p align=\"center\">\n<\/td>\n<td valign=\"top\"><\/td>\n<td valign=\"top\">\n<p align=\"center\"><span style=\"color: #000000; font-size: medium;\">16 vs 17<\/span><\/p>\n<\/td>\n<\/tr>\n<tr>\n<td valign=\"top\"><\/td>\n<td valign=\"top\"><\/td>\n<td valign=\"top\"><\/td>\n<td valign=\"top\"><\/td>\n<td valign=\"top\"><\/td>\n<td valign=\"top\"><\/td>\n<td valign=\"top\"><\/td>\n<td valign=\"top\"><\/td>\n<\/tr>\n<tr>\n<td valign=\"top\"><\/td>\n<td valign=\"top\"><\/td>\n<td valign=\"top\"><\/td>\n<td valign=\"top\"><\/td>\n<td valign=\"top\"><\/td>\n<td valign=\"top\"><\/td>\n<td valign=\"top\"><\/td>\n<td valign=\"top\"><\/td>\n<\/tr>\n<tr>\n<td valign=\"top\"><\/td>\n<td colspan=\"7\" valign=\"top\"><span style=\"color: #000000; font-size: small;\"><span style=\"color: #000000; font-size: small;\"><b>Apr\u00e8s les parties, l\u2019\u00e9quipe qui a gagn\u00e9 le plus de victoires dans son pool va dans le pool sup\u00e9rieur\u00a0<\/b><\/span><\/span><span style=\"color: #000000; font-size: small;\"><span style=\"color: #000000; font-size: small;\"><b>et l\u2019\u00e9quipe qui a le moins de victoires dans son pool va dans le pool inf\u00e9rieur.\u00a0<\/b><\/span><\/span><span style=\"color: #000000; font-size: small;\"><span style=\"color: #000000; font-size: small;\"><b>\u00a0L\u2019\u00e9quipe qui finit 2i\u00e8me<span class=\"Apple-converted-space\">\u00a0 <\/span>reste dans son pool.(Si \u00e9galit\u00e9 voir feuille de r\u00e8glement.)\u00a0<\/b><\/span><\/span><span style=\"color: #000000; font-size: small;\"><b>\u00a0Important, le\u00a0num\u00e9ro de votre \u00e9quipe peut changer \u00e0 chaque semaine.<\/b><\/span><\/td>\n<\/tr>\n<tr>\n<td valign=\"top\"><\/td>\n<td colspan=\"7\" valign=\"top\"><strong>Comme dans les derni\u00e8res ann\u00e9es, nous demandons que la premi\u00e8re personne de l&rsquo;\u00e9quipe qui arrive vienne chercher le pad de points, les 2 ballons du terrain et, nouveau de cette ann\u00e9e, les 2 antennes qui devront \u00eatre install\u00e9es par les joueurs du premier match.\u00a0<\/strong><strong><em>Nouvelle consigne<\/em> : Nous demandons aux \u00e9quipes du dernier match des terrains de rapporter le mat\u00e9riel. L&rsquo;\u00e9quipe gagnante a la responsabilit\u00e9 de ramener les 2 ballons et le pad de points et l&rsquo;\u00e9quipe perdante devra s&rsquo;occuper d&rsquo;enlever et de ramener les antennes au bac de rangement. Ceci nous aidera grandement.\u00a0<\/strong><\/p>\n<ul>\n<li>SVP Bien refermer le pad de points pour ne pas briser les points.<\/li>\n<\/ul>\n<\/td>\n<\/tr>\n<tr>\n<td valign=\"top\"><\/td>\n<td colspan=\"7\" valign=\"top\"><\/td>\n<\/tr>\n<tr>\n<td valign=\"top\"><\/td>\n<td colspan=\"5\" valign=\"top\"><\/td>\n<td valign=\"top\"><\/td>\n<td valign=\"top\"><\/td>\n<\/tr>\n<tr>\n<td valign=\"top\"><\/td>\n<td colspan=\"5\" valign=\"top\"><\/td>\n<td valign=\"top\"><\/td>\n<td valign=\"top\"><\/td>\n<\/tr>\n<\/tbody>\n<\/table>\n<p><strong><a href=\"http:\/\/beaucebeachvolley.com\/bbv\/?page_id=13&amp;print=1\" title=\"Imprimer ce lien\" rel=\"nofollow\"><img decoding=\"async\" class=\"WP-PrintIcon\" src=\"http:\/\/beaucebeachvolley.com\/bbv\/wp-content\/plugins\/wp-print\/images\/print.gif\" alt=\"Imprimer ce lien\" title=\"Imprimer ce lien\" style=\"border: 0px;\" \/><\/a>&nbsp;<a href=\"http:\/\/beaucebeachvolley.com\/bbv\/?page_id=13&amp;print=1\" title=\"Imprimer ce lien\" rel=\"nofollow\">Imprimer ce lien<\/a><\/strong><\/p>\n","protected":false},"excerpt":{"rendered":"<p>Samedi 16 ao\u00fbt 2025 A B C D 1\u00a0 Tony Rodrigue 4 Marie-Claude Lebreux 7 Laurie Labb\u00e9 10 Fran\u00e7ois Rodrigue 2 Sophie Dallaire 5 William Poulin 8 Michael Baillargeon 11 V\u00e9ronique Pouliot 3 Peneloppe Leclerc 6 Steven Lessard 9 Pierre Faucher 12 Christian Quirion E F G H 13 Eric Mercier 16 Alexandre M\u00e9tivier 19 [&hellip;]<\/p>\n","protected":false},"author":1,"featured_media":0,"parent":0,"menu_order":4,"comment_status":"closed","ping_status":"closed","template":"","meta":{"footnotes":""},"class_list":["post-13","page","type-page","status-publish","hentry"],"_links":{"self":[{"href":"http:\/\/beaucebeachvolley.com\/bbv\/index.php?rest_route=\/wp\/v2\/pages\/13","targetHints":{"allow":["GET"]}}],"collection":[{"href":"http:\/\/beaucebeachvolley.com\/bbv\/index.php?rest_route=\/wp\/v2\/pages"}],"about":[{"href":"http:\/\/beaucebeachvolley.com\/bbv\/index.php?rest_route=\/wp\/v2\/types\/page"}],"author":[{"embeddable":true,"href":"http:\/\/beaucebeachvolley.com\/bbv\/index.php?rest_route=\/wp\/v2\/users\/1"}],"replies":[{"embeddable":true,"href":"http:\/\/beaucebeachvolley.com\/bbv\/index.php?rest_route=%2Fwp%2Fv2%2Fcomments&post=13"}],"version-history":[{"count":257,"href":"http:\/\/beaucebeachvolley.com\/bbv\/index.php?rest_route=\/wp\/v2\/pages\/13\/revisions"}],"predecessor-version":[{"id":1214,"href":"http:\/\/beaucebeachvolley.com\/bbv\/index.php?rest_route=\/wp\/v2\/pages\/13\/revisions\/1214"}],"wp:attachment":[{"href":"http:\/\/beaucebeachvolley.com\/bbv\/index.php?rest_route=%2Fwp%2Fv2%2Fmedia&parent=13"}],"curies":[{"name":"wp","href":"https:\/\/api.w.org\/{rel}","templated":true}]}}