{"id":25,"date":"2013-06-01T15:06:09","date_gmt":"2013-06-01T15:06:09","guid":{"rendered":"http:\/\/migration2.beaucebeachvolley.com\/bbv\/?page_id=25"},"modified":"2025-08-15T15:21:10","modified_gmt":"2025-08-15T15:21:10","slug":"horaire-4-x-4-classe-c","status":"publish","type":"page","link":"http:\/\/beaucebeachvolley.com\/bbv\/?page_id=25","title":{"rendered":"Horaire 4 x 4 &#8211; C"},"content":{"rendered":"<p>&nbsp;<\/p>\n<table width=\"100%\" cellspacing=\"0\" cellpadding=\"0\">\n<tbody>\n<tr>\n<td colspan=\"8\" valign=\"top\">\n<p align=\"center\"><span style=\"color: #000000;\"><span style=\"font-size: 36px;\"><b>Mercredi 13 ao\u00fbt 2025 (Final)<\/b><\/span><\/span><\/p>\n<\/td>\n<\/tr>\n<tr>\n<td valign=\"top\"><\/td>\n<td valign=\"top\">\n<p align=\"center\"><span style=\"color: #000000; font-size: medium;\"><b>A<\/b><\/span><\/p>\n<\/td>\n<td valign=\"top\"><\/td>\n<td valign=\"top\">\n<p align=\"center\"><span style=\"color: #000000; font-size: medium;\"><b>B<\/b><\/span><\/p>\n<\/td>\n<td valign=\"top\"><\/td>\n<td valign=\"top\">\n<p align=\"center\"><span style=\"color: #000000; font-size: medium;\"><b>C<\/b><\/span><\/p>\n<\/td>\n<td valign=\"top\"><\/td>\n<td valign=\"top\">\n<p align=\"center\"><span style=\"color: #000000; font-size: medium;\"><b>D<\/b><\/span><\/p>\n<\/td>\n<\/tr>\n<tr>\n<td valign=\"top\">\n<p align=\"center\"><span style=\"color: #000000; font-size: medium;\">1<\/span><\/p>\n<\/td>\n<td valign=\"top\">\n<p align=\"center\">Christian Bilodeau<\/p>\n<\/td>\n<td valign=\"top\">\n<p align=\"center\"><span style=\"color: #000000; font-size: medium;\">4<\/span><\/p>\n<\/td>\n<td valign=\"top\">\n<p align=\"center\">Louis-\u00c9tienne Bernatchez<\/p>\n<\/td>\n<td valign=\"top\">\n<p align=\"center\"><span style=\"color: #000000; font-size: medium;\">7<\/span><\/p>\n<\/td>\n<td valign=\"top\">\n<p align=\"center\">Raymond Mercier<\/p>\n<\/td>\n<td valign=\"top\">\n<p align=\"center\"><span style=\"color: #000000; font-size: medium;\">10<\/span><\/p>\n<\/td>\n<td valign=\"top\">\n<p align=\"center\">Cindy Roy<\/p>\n<\/td>\n<\/tr>\n<tr>\n<td valign=\"top\">\n<p style=\"text-align: center;\" align=\"center\"><span style=\"color: #000000; font-size: medium;\">2<\/span><\/p>\n<\/td>\n<td valign=\"top\">\n<p align=\"center\">Guillaume Poulin<\/p>\n<\/td>\n<td valign=\"top\">\n<p align=\"center\"><span style=\"color: #000000; font-size: medium;\">5<\/span><\/p>\n<\/td>\n<td valign=\"top\">\n<p align=\"center\">M\u00e9lissa Morin<\/p>\n<\/td>\n<td valign=\"top\">\n<p align=\"center\"><span style=\"color: #000000; font-size: medium;\">8<\/span><\/p>\n<\/td>\n<td valign=\"top\">\n<p align=\"center\">Jonathan B\u00e9dard<\/p>\n<\/td>\n<td valign=\"top\">\n<p align=\"center\"><span style=\"color: #000000; font-size: medium;\">11<\/span><\/p>\n<\/td>\n<td valign=\"top\">\n<p align=\"center\">Ken Loignon<\/p>\n<\/td>\n<\/tr>\n<tr>\n<td valign=\"top\">\n<p align=\"center\"><span style=\"color: #000000; font-size: medium;\">3<\/span><\/p>\n<\/td>\n<td valign=\"top\">\n<p align=\"center\">Sindy Grenier<\/p>\n<\/td>\n<td valign=\"top\">\n<p align=\"center\"><span style=\"color: #000000; font-size: medium;\">6<\/span><\/p>\n<\/td>\n<td valign=\"top\">\n<p align=\"center\">M\u00e9lissa Champagne<\/p>\n<\/td>\n<td valign=\"top\">\n<p align=\"center\"><span style=\"color: #000000; font-size: medium;\">9<\/span><\/p>\n<\/td>\n<td valign=\"top\">\n<p align=\"center\">Russel Gilbert<\/p>\n<\/td>\n<td valign=\"top\">\n<p align=\"center\"><span style=\"color: #000000; font-size: medium;\">12<\/span><\/p>\n<\/td>\n<td valign=\"top\">\n<p align=\"center\">Tony Simoneau<\/p>\n<\/td>\n<\/tr>\n<tr>\n<td valign=\"top\"><\/td>\n<td valign=\"top\"><\/td>\n<td valign=\"top\"><\/td>\n<td valign=\"top\"><\/td>\n<td valign=\"top\"><\/td>\n<td valign=\"top\"><\/td>\n<td valign=\"top\"><\/td>\n<td valign=\"top\"><\/td>\n<\/tr>\n<tr>\n<td valign=\"top\"><\/td>\n<td valign=\"top\">\n<p align=\"center\"><span style=\"color: #000000; font-size: medium;\"><b>E<\/b><\/span><\/p>\n<\/td>\n<td valign=\"top\"><\/td>\n<td valign=\"top\">\n<p align=\"center\"><span style=\"color: #000000; font-size: medium;\"><b>F<\/b><\/span><\/p>\n<\/td>\n<td valign=\"top\"><\/td>\n<td valign=\"top\">\n<p align=\"center\"><span style=\"color: #000000; font-size: medium;\"><b>G<\/b><\/span><\/p>\n<\/td>\n<td valign=\"top\"><\/td>\n<td valign=\"top\">\n<p align=\"center\"><span style=\"color: #000000; font-size: medium;\"><b>H<\/b><\/span><\/p>\n<\/td>\n<\/tr>\n<tr>\n<td valign=\"top\">\n<p align=\"center\"><span style=\"color: #000000; font-size: medium;\">13<\/span><\/p>\n<\/td>\n<td valign=\"top\">\n<p align=\"center\">Philippe Boucher<\/p>\n<\/td>\n<td valign=\"top\">\n<p align=\"center\"><span style=\"color: #000000; font-size: medium;\">16<\/span><\/p>\n<\/td>\n<td valign=\"top\">\n<p align=\"center\">Katy Lessard<\/p>\n<\/td>\n<td valign=\"top\">\n<p align=\"center\"><span style=\"color: #000000; font-size: medium;\">19<\/span><\/p>\n<\/td>\n<td valign=\"top\">\n<p align=\"center\">Simon Audet<\/p>\n<\/td>\n<td valign=\"top\">\n<p align=\"center\"><span style=\"color: #000000; font-size: medium;\">22<\/span><\/p>\n<\/td>\n<td valign=\"top\">\n<p align=\"center\">Charles-Isra\u00ebl Boucher<\/p>\n<\/td>\n<\/tr>\n<tr>\n<td valign=\"top\">\n<p align=\"center\"><span style=\"color: #000000; font-size: medium;\">14<\/span><\/p>\n<\/td>\n<td valign=\"top\">\n<p align=\"center\">Daniel Fecteau<\/p>\n<\/td>\n<td valign=\"top\">\n<p align=\"center\"><span style=\"color: #000000; font-size: medium;\">17<\/span><\/p>\n<\/td>\n<td valign=\"top\">\n<p align=\"center\">Donavan Bouffard G<\/p>\n<\/td>\n<td valign=\"top\">\n<p align=\"center\"><span style=\"color: #000000; font-size: medium;\">20<\/span><\/p>\n<\/td>\n<td valign=\"top\">\n<p align=\"center\">Micha\u00ebl Lessard<\/p>\n<\/td>\n<td valign=\"top\">\n<p align=\"center\"><span style=\"color: #000000; font-size: medium;\">23<\/span><\/p>\n<\/td>\n<td valign=\"top\">\n<p align=\"center\">Jean-Pier Dutil<\/p>\n<\/td>\n<\/tr>\n<tr>\n<td valign=\"top\">\n<p align=\"center\"><span style=\"color: #000000; font-size: medium;\">15<\/span><\/p>\n<\/td>\n<td valign=\"top\">\n<p align=\"center\">Carole Couture<\/p>\n<\/td>\n<td valign=\"top\">\n<p align=\"center\"><span style=\"color: #000000; font-size: medium;\">18<\/span><\/p>\n<\/td>\n<td valign=\"top\">\n<p style=\"text-align: center;\" align=\"center\">Isabelle Messier<\/p>\n<\/td>\n<td valign=\"top\">\n<p align=\"center\"><span style=\"color: #000000; font-size: medium;\">21<\/span><\/p>\n<\/td>\n<td valign=\"top\">\n<p align=\"center\">Cathy Gilbert<\/p>\n<\/td>\n<td valign=\"top\">\n<p align=\"center\"><span style=\"color: #000000; font-size: medium;\">24<\/span><\/p>\n<\/td>\n<td valign=\"top\">\n<p align=\"center\">Jimmy Prescott<\/p>\n<\/td>\n<\/tr>\n<tr>\n<td valign=\"top\"><\/td>\n<td valign=\"top\"><\/td>\n<td valign=\"top\"><\/td>\n<td valign=\"top\"><\/td>\n<td valign=\"top\"><\/td>\n<td valign=\"top\"><\/td>\n<td valign=\"top\"><\/td>\n<td valign=\"top\"><\/td>\n<\/tr>\n<tr>\n<td valign=\"top\"><\/td>\n<td valign=\"top\"><\/td>\n<td valign=\"top\"><\/td>\n<td valign=\"top\">\n<p align=\"center\"><span style=\"color: #000000; font-size: medium;\"><b>Terrain 1<\/b><\/span><\/p>\n<\/td>\n<td valign=\"top\"><\/td>\n<td valign=\"top\">\n<p align=\"center\"><span style=\"color: #000000; font-size: medium;\"><b>Terrain 2<\/b><\/span><\/p>\n<\/td>\n<td valign=\"top\"><\/td>\n<td valign=\"top\">\n<p align=\"center\"><span style=\"color: #000000; font-size: medium;\"><b>Terrain 3<\/b><\/span><\/p>\n<\/td>\n<\/tr>\n<tr>\n<td valign=\"top\"><\/td>\n<td valign=\"top\"><\/td>\n<td valign=\"top\"><\/td>\n<td valign=\"top\"><\/td>\n<td valign=\"top\"><\/td>\n<td valign=\"top\"><\/td>\n<td valign=\"top\"><\/td>\n<td valign=\"top\"><\/td>\n<\/tr>\n<tr>\n<td valign=\"top\"><\/td>\n<td valign=\"top\">\n<p align=\"center\"><span style=\"color: #ff0000; font-size: medium;\"><b>18h15<\/b><\/span><\/p>\n<\/td>\n<td valign=\"top\"><\/td>\n<td valign=\"top\">\n<p align=\"center\"><span style=\"color: #000000; font-size: medium;\">1 vs 3<\/span><\/p>\n<\/td>\n<td valign=\"top\"><\/td>\n<td valign=\"top\">\n<p align=\"center\"><span style=\"color: #000000; font-size: medium;\">4 vs 6<\/span><\/p>\n<\/td>\n<td valign=\"top\"><\/td>\n<td valign=\"top\">\n<p align=\"center\"><span style=\"color: #000000; font-size: medium;\">7 vs 9<\/span><\/p>\n<\/td>\n<\/tr>\n<tr>\n<td valign=\"top\"><\/td>\n<td valign=\"top\">\n<p align=\"center\"><span style=\"color: #ff0000; font-size: medium;\"><b>18h45<\/b><\/span><\/p>\n<\/td>\n<td valign=\"top\"><\/td>\n<td valign=\"top\">\n<p align=\"center\"><span style=\"color: #000000; font-size: medium;\">2 vs 3<\/span><\/p>\n<\/td>\n<td valign=\"top\"><\/td>\n<td valign=\"top\">\n<p align=\"center\"><span style=\"color: #000000; font-size: medium;\">5 vs 6<\/span><\/p>\n<\/td>\n<td valign=\"top\"><\/td>\n<td valign=\"top\">\n<p align=\"center\"><span style=\"color: #000000; font-size: medium;\">8 vs 9<\/span><\/p>\n<\/td>\n<\/tr>\n<tr>\n<td valign=\"top\"><\/td>\n<td valign=\"top\">\n<p align=\"center\"><span style=\"color: #ff0000; font-size: medium;\"><b>19h15<\/b><\/span><\/p>\n<\/td>\n<td valign=\"top\"><\/td>\n<td valign=\"top\">\n<p align=\"center\"><span style=\"color: #000000; font-size: medium;\">20 vs 21<\/span><\/p>\n<\/td>\n<td valign=\"top\"><\/td>\n<td valign=\"top\">\n<p align=\"center\"><span style=\"color: #000000; font-size: medium;\">23 vs 24<\/span><\/p>\n<\/td>\n<td valign=\"top\"><\/td>\n<td valign=\"top\">\n<p align=\"center\"><span style=\"color: #000000; font-size: medium;\">1 vs 2<\/span><\/p>\n<\/td>\n<\/tr>\n<tr>\n<td valign=\"top\"><\/td>\n<td valign=\"top\">\n<p align=\"center\"><span style=\"color: #ff0000; font-size: medium;\"><span style=\"caret-color: #ff0000;\"><b>19h45<\/b><\/span><\/span><\/p>\n<\/td>\n<td valign=\"top\"><\/td>\n<td valign=\"top\">\n<p align=\"center\"><span style=\"color: #000000; font-size: medium;\">19 vs 20<\/span><\/p>\n<\/td>\n<td valign=\"top\"><\/td>\n<td valign=\"top\">\n<p align=\"center\"><span style=\"color: #000000; font-size: medium;\">22 vs 23<\/span><\/p>\n<\/td>\n<td valign=\"top\"><\/td>\n<td valign=\"top\">\n<p align=\"center\"><span style=\"color: #000000; font-size: medium;\">7 vs 8<\/span><\/p>\n<\/td>\n<\/tr>\n<tr>\n<td valign=\"top\"><\/td>\n<td valign=\"top\"><\/td>\n<td valign=\"top\"><\/td>\n<td valign=\"top\"><\/td>\n<td valign=\"top\"><\/td>\n<td valign=\"top\"><\/td>\n<td valign=\"top\"><\/td>\n<td valign=\"top\"><\/td>\n<\/tr>\n<tr>\n<td valign=\"top\"><\/td>\n<td valign=\"top\"><\/td>\n<td valign=\"top\"><\/td>\n<td valign=\"top\">\n<p align=\"center\"><span style=\"color: #000000; font-size: medium;\"><b>Terrain 4<\/b><\/span><\/p>\n<\/td>\n<td valign=\"top\"><\/td>\n<td valign=\"top\">\n<p align=\"center\"><span style=\"color: #000000; font-size: medium;\"><b>Terrain 5<\/b><\/span><\/p>\n<\/td>\n<td valign=\"top\"><\/td>\n<td valign=\"top\">\n<p align=\"center\"><span style=\"color: #000000; font-size: medium;\"><b>Terrain 6<\/b><\/span><\/p>\n<\/td>\n<\/tr>\n<tr>\n<td valign=\"top\"><\/td>\n<td valign=\"top\"><\/td>\n<td valign=\"top\"><\/td>\n<td valign=\"top\"><\/td>\n<td valign=\"top\"><\/td>\n<td valign=\"top\"><\/td>\n<td valign=\"top\"><\/td>\n<td valign=\"top\"><\/td>\n<\/tr>\n<tr>\n<td valign=\"top\"><\/td>\n<td valign=\"top\">\n<p align=\"center\"><span style=\"color: #ff0000; font-size: medium;\"><b>18h15<\/b><\/span><\/p>\n<\/td>\n<td valign=\"top\"><\/td>\n<td valign=\"top\">\n<p align=\"center\"><span style=\"color: #000000; font-size: medium;\">10 vs12 <\/span><\/p>\n<\/td>\n<td valign=\"top\"><\/td>\n<td valign=\"top\">\n<p align=\"center\"><span style=\"color: #000000; font-size: medium;\">13 vs 15<\/span><\/p>\n<\/td>\n<td valign=\"top\"><\/td>\n<td valign=\"top\">\n<p align=\"center\"><span style=\"color: #000000; font-size: medium;\">16 vs 18<\/span><\/p>\n<\/td>\n<\/tr>\n<tr>\n<td valign=\"top\"><\/td>\n<td valign=\"top\">\n<p align=\"center\"><span style=\"color: #ff0000; font-size: medium;\"><b>18h45<\/b><\/span><\/p>\n<\/td>\n<td valign=\"top\"><\/td>\n<td valign=\"top\">\n<p align=\"center\"><span style=\"color: #000000; font-size: medium;\">11 vs 12<\/span><\/p>\n<\/td>\n<td valign=\"top\"><\/td>\n<td valign=\"top\">\n<p align=\"center\"><span style=\"color: #000000; font-size: medium;\">22 vs 24<\/span><\/p>\n<\/td>\n<td valign=\"top\"><\/td>\n<td valign=\"top\">\n<p align=\"center\"><span style=\"color: #000000; font-size: medium;\">19 vs 21<\/span><\/p>\n<\/td>\n<\/tr>\n<tr>\n<td valign=\"top\"><\/td>\n<td valign=\"top\">\n<p align=\"center\"><span style=\"color: #ff0000; font-size: medium;\"><b>19h15<\/b><\/span><\/p>\n<\/td>\n<td valign=\"top\"><\/td>\n<td valign=\"top\">\n<p align=\"center\"><span style=\"color: #000000; font-size: medium;\">4 vs 5<\/span><\/p>\n<\/td>\n<td valign=\"top\"><\/td>\n<td valign=\"top\">\n<p align=\"center\"><span style=\"color: #000000; font-size: medium;\">14 vs 15<\/span><\/p>\n<\/td>\n<td valign=\"top\"><\/td>\n<td valign=\"top\">\n<p align=\"center\"><span style=\"color: #000000; font-size: medium;\">17 vs 18<\/span><\/p>\n<\/td>\n<\/tr>\n<tr>\n<td valign=\"top\"><\/td>\n<td valign=\"top\">\n<p align=\"center\"><span style=\"color: #ff0000; font-size: medium;\"><span style=\"caret-color: #ff0000;\"><b>19h45<\/b><\/span><\/span><\/p>\n<\/td>\n<td valign=\"top\"><\/td>\n<td valign=\"top\">\n<p align=\"center\"><span style=\"color: #000000; font-size: medium;\">10 vs 11<\/span><\/p>\n<\/td>\n<td valign=\"top\"><\/td>\n<td valign=\"top\">\n<p align=\"center\"><span style=\"color: #000000; font-size: medium;\">13 vs 14<\/span><\/p>\n<\/td>\n<td valign=\"top\"><\/td>\n<td valign=\"top\">\n<p align=\"center\"><span style=\"color: #000000; font-size: medium;\">16 vs 17<\/span><\/p>\n<\/td>\n<\/tr>\n<tr>\n<td valign=\"top\"><\/td>\n<td valign=\"top\"><\/td>\n<td valign=\"top\"><\/td>\n<td valign=\"top\"><\/td>\n<td valign=\"top\"><\/td>\n<td valign=\"top\"><\/td>\n<td valign=\"top\"><\/td>\n<td valign=\"top\"><\/td>\n<\/tr>\n<tr>\n<td valign=\"top\"><\/td>\n<td valign=\"top\"><\/td>\n<td valign=\"top\"><\/td>\n<td valign=\"top\"><\/td>\n<td valign=\"top\"><\/td>\n<td valign=\"top\"><\/td>\n<td valign=\"top\"><\/td>\n<td valign=\"top\"><\/td>\n<\/tr>\n<tr>\n<td valign=\"top\"><\/td>\n<td colspan=\"7\" valign=\"top\"><span style=\"color: #000000; font-size: small;\"><b>Apr\u00e8s les parties, l\u2019\u00e9quipe qui a gagn\u00e9 le plus de victoires dans son pool va dans le pool sup\u00e9rieur<\/b><\/span><\/td>\n<\/tr>\n<tr>\n<td valign=\"top\"><\/td>\n<td colspan=\"7\" valign=\"top\"><span style=\"color: #000000; font-size: small;\"><b>et l\u2019\u00e9quipe qui a le moins de victoires dans son pool va dans le pool inf\u00e9rieur. <\/b><\/span><\/td>\n<\/tr>\n<tr>\n<td valign=\"top\"><\/td>\n<td colspan=\"7\" valign=\"top\"><span style=\"color: #000000; font-size: small;\"><b>L\u2019\u00e9quipe qui finit 2i\u00e8me<span class=\"Apple-converted-space\">\u00a0 <\/span>reste dans son pool.(Si \u00e9galit\u00e9 voir feuille de r\u00e8glement.)<\/b><\/span><\/td>\n<\/tr>\n<tr>\n<td valign=\"top\"><\/td>\n<td colspan=\"5\" valign=\"top\"><span style=\"color: #000000; font-size: small;\"><b>Important, v\u00e9rifiez le nom de votre capitaine et votre num\u00e9ro d&rsquo;\u00e9quipe, <\/b><\/span><\/td>\n<td valign=\"top\"><\/td>\n<td valign=\"top\"><\/td>\n<\/tr>\n<tr>\n<td valign=\"top\"><\/td>\n<td colspan=\"5\" valign=\"top\"><span style=\"color: #000000; font-size: small;\"><b>car votre num\u00e9ro peut changer \u00e0 chaque semaine.<\/b><\/span><\/td>\n<td valign=\"top\"><\/td>\n<td valign=\"top\"><\/td>\n<\/tr>\n<\/tbody>\n<\/table>\n<p><!--more--><\/p>\n<p><!--more--><\/p>\n<p><!--more--><\/p>\n<p><strong><a href=\"http:\/\/beaucebeachvolley.com\/bbv\/?page_id=25&amp;print=1\" title=\"Imprimer ce lien\" rel=\"nofollow\"><img decoding=\"async\" class=\"WP-PrintIcon\" src=\"http:\/\/beaucebeachvolley.com\/bbv\/wp-content\/plugins\/wp-print\/images\/print.gif\" alt=\"Imprimer ce lien\" title=\"Imprimer ce lien\" style=\"border: 0px;\" \/><\/a>&nbsp;<a href=\"http:\/\/beaucebeachvolley.com\/bbv\/?page_id=25&amp;print=1\" title=\"Imprimer ce lien\" rel=\"nofollow\">Imprimer ce lien<\/a><\/strong><\/p>\n","protected":false},"excerpt":{"rendered":"<p>&nbsp; Mercredi 13 ao\u00fbt 2025 (Final) A B C D 1 Christian Bilodeau 4 Louis-\u00c9tienne Bernatchez 7 Raymond Mercier 10 Cindy Roy 2 Guillaume Poulin 5 M\u00e9lissa Morin 8 Jonathan B\u00e9dard 11 Ken Loignon 3 Sindy Grenier 6 M\u00e9lissa Champagne 9 Russel Gilbert 12 Tony Simoneau E F G H 13 Philippe Boucher 16 Katy [&hellip;]<\/p>\n","protected":false},"author":1,"featured_media":0,"parent":0,"menu_order":5,"comment_status":"closed","ping_status":"closed","template":"","meta":{"footnotes":""},"class_list":["post-25","page","type-page","status-publish","hentry"],"_links":{"self":[{"href":"http:\/\/beaucebeachvolley.com\/bbv\/index.php?rest_route=\/wp\/v2\/pages\/25","targetHints":{"allow":["GET"]}}],"collection":[{"href":"http:\/\/beaucebeachvolley.com\/bbv\/index.php?rest_route=\/wp\/v2\/pages"}],"about":[{"href":"http:\/\/beaucebeachvolley.com\/bbv\/index.php?rest_route=\/wp\/v2\/types\/page"}],"author":[{"embeddable":true,"href":"http:\/\/beaucebeachvolley.com\/bbv\/index.php?rest_route=\/wp\/v2\/users\/1"}],"replies":[{"embeddable":true,"href":"http:\/\/beaucebeachvolley.com\/bbv\/index.php?rest_route=%2Fwp%2Fv2%2Fcomments&post=25"}],"version-history":[{"count":221,"href":"http:\/\/beaucebeachvolley.com\/bbv\/index.php?rest_route=\/wp\/v2\/pages\/25\/revisions"}],"predecessor-version":[{"id":1217,"href":"http:\/\/beaucebeachvolley.com\/bbv\/index.php?rest_route=\/wp\/v2\/pages\/25\/revisions\/1217"}],"wp:attachment":[{"href":"http:\/\/beaucebeachvolley.com\/bbv\/index.php?rest_route=%2Fwp%2Fv2%2Fmedia&parent=25"}],"curies":[{"name":"wp","href":"https:\/\/api.w.org\/{rel}","templated":true}]}}