{"id":452,"date":"2016-06-05T23:00:41","date_gmt":"2016-06-05T23:00:41","guid":{"rendered":"http:\/\/beaucebeachvolley.com\/bbv\/?page_id=452"},"modified":"2025-08-15T16:35:52","modified_gmt":"2025-08-15T16:35:52","slug":"horaire-2-x-2-new","status":"publish","type":"page","link":"http:\/\/beaucebeachvolley.com\/bbv\/?page_id=452","title":{"rendered":"Horaire 3 x 3"},"content":{"rendered":"<h1><\/h1>\n<table style=\"height: 1427px;\" width=\"918\" cellspacing=\"0\" cellpadding=\"0\">\n<tbody>\n<tr>\n<td colspan=\"8\" valign=\"top\">\n<p align=\"center\"><span style=\"font-size: 36px;\"><b>Dimanche 17 ao\u00fbt 2025<\/b><\/span><\/p>\n<p align=\"center\">\n<\/td>\n<\/tr>\n<tr>\n<td valign=\"top\"><\/td>\n<td valign=\"top\">\n<p align=\"center\"><span style=\"font-size: medium;\"><b>A<\/b><\/span><\/p>\n<\/td>\n<td valign=\"top\"><\/td>\n<td valign=\"top\">\n<p align=\"center\"><span style=\"font-size: medium;\"><b>B<\/b><\/span><\/p>\n<\/td>\n<td valign=\"top\"><\/td>\n<td valign=\"top\">\n<p align=\"center\"><span style=\"font-size: medium;\"><b>C<\/b><\/span><\/p>\n<\/td>\n<td valign=\"top\"><\/td>\n<td style=\"text-align: center;\" valign=\"top\">\n<p align=\"center\"><span style=\"font-size: medium;\"><b>D<\/b><\/span><\/p>\n<\/td>\n<\/tr>\n<tr>\n<td valign=\"top\">\n<p align=\"center\"><span style=\"font-size: medium;\">1<\/span><\/p>\n<\/td>\n<td valign=\"top\">\n<p align=\"center\">Philippe Giroux<\/p>\n<\/td>\n<td valign=\"top\">\n<p align=\"center\"><span style=\"font-size: medium;\">4<\/span><\/p>\n<\/td>\n<td valign=\"top\">\n<p align=\"center\">Mathieu Ouellet<\/p>\n<\/td>\n<td valign=\"top\">\n<p align=\"center\"><span style=\"font-size: medium;\">7<\/span><\/p>\n<\/td>\n<td valign=\"top\">\n<p align=\"center\">William Poulin<\/p>\n<\/td>\n<td valign=\"top\">\n<p align=\"center\"><span style=\"font-size: medium;\">10<\/span><\/p>\n<\/td>\n<td valign=\"top\">\n<p align=\"center\">Marcel Labrecque<\/p>\n<\/td>\n<\/tr>\n<tr>\n<td valign=\"top\">\n<p align=\"center\"><span style=\"font-size: medium;\">2<\/span><\/p>\n<\/td>\n<td valign=\"top\">\n<p align=\"center\">Tony Rodrigue<\/p>\n<\/td>\n<td valign=\"top\">\n<p align=\"center\"><span style=\"font-size: medium;\">5<\/span><\/p>\n<\/td>\n<td valign=\"top\">\n<p align=\"center\">Jimmy Darac<\/p>\n<\/td>\n<td valign=\"center\">\n<p align=\"center\"><span style=\"font-size: medium;\">8<\/span><\/p>\n<\/td>\n<td valign=\"top\">\n<p align=\"center\">Nicolas Labrecque<\/p>\n<\/td>\n<td valign=\"top\">\n<p align=\"center\"><span style=\"font-size: medium;\">11<\/span><\/p>\n<\/td>\n<td valign=\"top\">\n<p align=\"center\">\n<\/td>\n<\/tr>\n<tr>\n<td valign=\"top\">\n<p align=\"center\"><span style=\"font-size: medium;\">3<\/span><\/p>\n<\/td>\n<td valign=\"top\">\n<p align=\"center\">Guillaume Boutin<\/p>\n<\/td>\n<td valign=\"top\">\n<p align=\"center\"><span style=\"font-size: medium;\">6<\/span><\/p>\n<\/td>\n<td valign=\"top\">\n<p align=\"center\">\u00c9ric Mercier<\/p>\n<\/td>\n<td valign=\"top\">\n<p align=\"center\"><span style=\"font-size: medium;\">9<\/span><\/p>\n<\/td>\n<td valign=\"top\">\n<p align=\"center\">J\u00e9r\u00e9mie Ferland<\/p>\n<\/td>\n<td valign=\"top\">\n<p align=\"center\"><span style=\"font-size: medium;\">12<\/span><\/p>\n<\/td>\n<td valign=\"top\">\n<p align=\"center\">\n<\/td>\n<\/tr>\n<tr>\n<td valign=\"top\"><\/td>\n<td valign=\"top\"><\/td>\n<td style=\"text-align: center;\" valign=\"top\"><\/td>\n<td style=\"text-align: center;\" valign=\"top\"><\/td>\n<td valign=\"top\"><\/td>\n<td valign=\"top\"><\/td>\n<td valign=\"top\"><\/td>\n<td valign=\"top\"><\/td>\n<\/tr>\n<tr>\n<td valign=\"top\"><\/td>\n<td valign=\"top\">\n<p align=\"center\"><span style=\"font-size: medium;\"><b>E<\/b><\/span><\/p>\n<\/td>\n<td valign=\"top\"><\/td>\n<td valign=\"top\">\n<p align=\"center\"><span style=\"font-size: medium;\"><b>F<\/b><\/span><\/p>\n<\/td>\n<td valign=\"top\"><\/td>\n<td valign=\"top\">\n<p align=\"center\"><span style=\"font-size: medium;\"><b>G<\/b><\/span><\/p>\n<\/td>\n<td valign=\"top\"><\/td>\n<td valign=\"top\">\n<p align=\"center\"><span style=\"font-size: medium;\"><b>H<\/b><\/span><\/p>\n<\/td>\n<\/tr>\n<tr>\n<td valign=\"top\">\n<p align=\"center\"><span style=\"font-size: medium;\">13<\/span><\/p>\n<\/td>\n<td valign=\"top\">\n<p align=\"center\">Alexa Maranda<\/p>\n<\/td>\n<td valign=\"top\">\n<p align=\"center\"><span style=\"font-size: medium;\">16<\/span><\/p>\n<\/td>\n<td valign=\"top\">\n<p align=\"center\">Cora-Lee Douville<\/p>\n<\/td>\n<td valign=\"top\">\n<p align=\"center\"><span style=\"font-size: medium;\">19<\/span><\/p>\n<\/td>\n<td valign=\"top\">\n<p align=\"center\">Caroline Dallaire<\/p>\n<\/td>\n<td valign=\"top\">\n<p align=\"center\"><span style=\"font-size: medium;\">22<\/span><\/p>\n<\/td>\n<td valign=\"top\">\n<p align=\"center\">Erika Fortier<\/p>\n<\/td>\n<\/tr>\n<tr>\n<td valign=\"top\">\n<p align=\"center\"><span style=\"font-size: medium;\">14<\/span><\/p>\n<\/td>\n<td valign=\"top\">\n<p align=\"center\">M\u00e9lissa Vachon<\/p>\n<\/td>\n<td valign=\"top\">\n<p align=\"center\"><span style=\"font-size: medium;\">17<\/span><\/p>\n<\/td>\n<td valign=\"top\">\n<p align=\"center\">Genevi\u00e8ve Marceau<\/p>\n<\/td>\n<td valign=\"top\">\n<p align=\"center\"><span style=\"font-size: medium;\">20<\/span><\/p>\n<\/td>\n<td valign=\"top\">\n<p align=\"center\">Audrey Pruneau<\/p>\n<\/td>\n<td valign=\"top\">\n<p align=\"center\"><span style=\"font-size: medium;\">23<\/span><\/p>\n<\/td>\n<td valign=\"top\">\n<p align=\"center\">Francesca Fortin<\/p>\n<\/td>\n<\/tr>\n<tr>\n<td valign=\"top\">\n<p align=\"center\"><span style=\"font-size: medium;\">15<\/span><\/p>\n<\/td>\n<td valign=\"top\">\n<p align=\"center\">Laurie Labb\u00e9<\/p>\n<\/td>\n<td valign=\"top\">\n<p align=\"center\"><span style=\"font-size: medium;\">18<\/span><\/p>\n<\/td>\n<td valign=\"top\">\n<p align=\"center\">P\u00e9n\u00e9lope Leclerc<\/p>\n<\/td>\n<td valign=\"top\">\n<p align=\"center\"><span style=\"font-size: medium;\">21<\/span><\/p>\n<\/td>\n<td valign=\"top\">\n<p align=\"center\">Jessy Rodrigue<\/p>\n<\/td>\n<td style=\"text-align: center;\" valign=\"center\">24<\/td>\n<td style=\"text-align: center;\" valign=\"center\">\n<p align=\"center\">\n<\/td>\n<\/tr>\n<tr>\n<td valign=\"top\"><\/td>\n<td valign=\"top\"><\/td>\n<td valign=\"top\"><\/td>\n<td valign=\"top\"><\/td>\n<td valign=\"top\"><\/td>\n<td valign=\"top\"><\/td>\n<td valign=\"top\"><\/td>\n<td valign=\"top\"><\/td>\n<\/tr>\n<tr>\n<td valign=\"top\"><\/td>\n<td valign=\"top\"><\/td>\n<td valign=\"top\"><\/td>\n<td valign=\"top\">\n<p align=\"center\"><span style=\"font-size: medium;\"><b>Terrain 1<\/b><\/span><\/p>\n<\/td>\n<td valign=\"top\"><\/td>\n<td valign=\"top\">\n<p align=\"center\"><span style=\"font-size: medium;\"><b>Terrain 2<\/b><\/span><\/p>\n<\/td>\n<td valign=\"top\"><\/td>\n<td valign=\"top\">\n<p align=\"center\"><span style=\"font-size: medium;\"><b>Terrain 3<\/b><\/span><\/p>\n<\/td>\n<\/tr>\n<tr>\n<td valign=\"top\"><\/td>\n<td valign=\"top\">\n<p align=\"center\"><span style=\"color: #ff0000; font-size: medium;\"><b>18h30<\/b><\/span><\/p>\n<\/td>\n<td valign=\"top\"><\/td>\n<td valign=\"top\">\n<p align=\"center\"><span style=\"font-size: medium;\">1 vs 3<\/span><\/p>\n<\/td>\n<td valign=\"top\"><\/td>\n<td valign=\"top\">\n<p align=\"center\"><span style=\"font-size: medium;\">13 vs 14<\/span><\/p>\n<\/td>\n<td valign=\"top\"><\/td>\n<td valign=\"top\">\n<p align=\"center\"><span style=\"font-size: medium;\">4 vs 6<\/span><\/p>\n<\/td>\n<\/tr>\n<tr>\n<td valign=\"top\"><\/td>\n<td valign=\"top\">\n<p align=\"center\"><span style=\"color: #ff0000; font-size: medium;\"><b>19h00<\/b><\/span><\/p>\n<\/td>\n<td valign=\"top\"><\/td>\n<td valign=\"top\">\n<p align=\"center\"><span style=\"font-size: medium;\">1 vs 2<\/span><\/p>\n<\/td>\n<td valign=\"top\"><\/td>\n<td valign=\"top\">\n<p align=\"center\"><span style=\"font-size: medium;\">13 vs 15<\/span><\/p>\n<\/td>\n<td valign=\"top\"><\/td>\n<td valign=\"top\">\n<p align=\"center\"><span style=\"font-size: medium;\">4 vs 5<\/span><\/p>\n<\/td>\n<\/tr>\n<tr>\n<td valign=\"top\"><\/td>\n<td valign=\"top\">\n<p align=\"center\"><span style=\"color: #ff0000; font-size: medium;\"><b>19h30<\/b><\/span><\/p>\n<\/td>\n<td valign=\"top\"><\/td>\n<td valign=\"top\">\n<p align=\"center\"><span style=\"font-size: medium;\"><span style=\"caret-color: #000000;\">2 vs 3<\/span><\/span><\/p>\n<\/td>\n<td valign=\"top\"><\/td>\n<td valign=\"top\">\n<p align=\"center\"><span style=\"font-size: medium;\"><span style=\"caret-color: #000000;\">14 vs 15<\/span><\/span><\/p>\n<\/td>\n<td valign=\"top\"><\/td>\n<td valign=\"top\">\n<p align=\"center\"><span style=\"font-size: medium;\">5 vs 6<\/span><\/p>\n<\/td>\n<\/tr>\n<tr>\n<td valign=\"top\"><\/td>\n<td valign=\"top\">\n<p align=\"center\"><span style=\"color: #ff0000; font-size: medium;\"><span style=\"caret-color: #ff0000;\"><b>20h00<\/b><\/span><\/span><\/p>\n<\/td>\n<td valign=\"top\"><\/td>\n<td valign=\"top\">\n<p align=\"center\">\n<\/td>\n<td valign=\"top\"><\/td>\n<td valign=\"top\">\n<p align=\"center\"><span style=\"font-size: medium;\">\u00a0<\/span><span style=\"font-size: medium;\">22 vs 23<\/span><\/p>\n<\/td>\n<td valign=\"top\"><\/td>\n<td valign=\"top\">\n<p align=\"center\">\n<\/td>\n<\/tr>\n<tr>\n<td valign=\"top\"><\/td>\n<td valign=\"top\"><\/td>\n<td valign=\"top\"><\/td>\n<td valign=\"top\"><\/td>\n<td valign=\"top\"><\/td>\n<td valign=\"top\"><\/td>\n<td valign=\"top\"><\/td>\n<td valign=\"top\"><\/td>\n<\/tr>\n<tr>\n<td valign=\"top\"><\/td>\n<td valign=\"top\"><\/td>\n<td valign=\"top\"><\/td>\n<td valign=\"top\">\n<p align=\"center\"><span style=\"font-size: medium;\"><b>Terrain 4<\/b><\/span><\/p>\n<\/td>\n<td valign=\"top\"><\/td>\n<td valign=\"top\">\n<p align=\"center\"><span style=\"font-size: medium;\"><b>Terrain 5<\/b><\/span><\/p>\n<\/td>\n<td valign=\"top\"><\/td>\n<td valign=\"top\">\n<p align=\"center\"><span style=\"font-size: medium;\"><b>Terrain 6<\/b><\/span><\/p>\n<\/td>\n<\/tr>\n<tr>\n<td valign=\"top\"><\/td>\n<td style=\"text-align: center;\" valign=\"top\">\n<p align=\"center\"><span style=\"color: #ff0000; font-size: medium;\"><b>18h30<\/b><\/span><\/p>\n<\/td>\n<td valign=\"top\"><\/td>\n<td valign=\"top\">\n<p align=\"center\"><span style=\"font-size: medium;\">16 vs 17<\/span><\/p>\n<\/td>\n<td valign=\"top\"><\/td>\n<td valign=\"top\">\n<p align=\"center\">7 vs 8<\/p>\n<\/td>\n<td valign=\"top\"><\/td>\n<td valign=\"top\">\n<p align=\"center\"><span style=\"font-size: medium;\">19 vs 20<\/span><\/p>\n<\/td>\n<\/tr>\n<tr>\n<td valign=\"top\"><\/td>\n<td valign=\"top\">\n<p align=\"center\"><span style=\"color: #ff0000; font-size: medium;\"><b>19h00<\/b><\/span><\/p>\n<\/td>\n<td valign=\"top\"><\/td>\n<td valign=\"top\">\n<p align=\"center\"><span style=\"font-size: medium;\">22 vs 23<\/span><\/p>\n<\/td>\n<td valign=\"top\"><\/td>\n<td valign=\"top\">\n<p align=\"center\">7 vs 9<\/p>\n<\/td>\n<td valign=\"top\"><\/td>\n<td valign=\"top\">\n<p align=\"center\"><span style=\"font-size: medium;\">19 vs 21<\/span><\/p>\n<\/td>\n<\/tr>\n<tr>\n<td valign=\"top\"><\/td>\n<td valign=\"top\">\n<p align=\"center\"><span style=\"color: #ff0000; font-size: medium;\"><b>19h30<\/b><\/span><\/p>\n<\/td>\n<td valign=\"top\"><\/td>\n<td valign=\"top\">\n<p align=\"center\"><span style=\"font-size: medium;\">16 vs 18<\/span><\/p>\n<\/td>\n<td valign=\"top\"><\/td>\n<td valign=\"top\">\n<p align=\"center\">8 vs 9<\/p>\n<\/td>\n<td valign=\"top\"><\/td>\n<td valign=\"top\">\n<p align=\"center\"><span style=\"font-size: medium;\">20 vs 21<\/span><\/p>\n<\/td>\n<\/tr>\n<tr>\n<td valign=\"top\"><\/td>\n<td valign=\"top\">\n<p align=\"center\"><span style=\"color: #ff0000; font-size: medium;\"><span style=\"caret-color: #ff0000;\"><b>20h00<\/b><\/span><\/span><\/p>\n<\/td>\n<td valign=\"top\"><\/td>\n<td valign=\"top\">\n<p align=\"center\"><span style=\"font-size: medium;\">17 vs 18<\/span><\/p>\n<\/td>\n<td valign=\"top\"><\/td>\n<td style=\"text-align: center;\" valign=\"top\">\n<p align=\"center\">\n<\/td>\n<td valign=\"top\"><\/td>\n<td valign=\"top\">\n<p align=\"center\">\n<\/td>\n<\/tr>\n<tr>\n<td valign=\"top\"><\/td>\n<td valign=\"top\"><\/td>\n<td valign=\"top\"><\/td>\n<td valign=\"top\"><\/td>\n<td valign=\"top\"><\/td>\n<td valign=\"top\"><\/td>\n<td valign=\"top\"><\/td>\n<td valign=\"top\"><\/td>\n<\/tr>\n<tr>\n<td valign=\"top\"><\/td>\n<td valign=\"top\"><\/td>\n<td valign=\"top\"><\/td>\n<td valign=\"top\"><\/td>\n<td valign=\"top\"><\/td>\n<td valign=\"top\"><\/td>\n<td valign=\"top\"><\/td>\n<td valign=\"top\"><\/td>\n<\/tr>\n<tr>\n<td valign=\"top\"><\/td>\n<td colspan=\"7\" valign=\"top\"><span style=\"font-size: medium;\"><span style=\"font-size: medium;\">Apr\u00e8s les parties, l\u2019\u00e9quipe qui a gagn\u00e9 le plus de victoires dans son pool va dans le pool sup\u00e9rieur et l\u2019\u00e9quipe qui a le moins de victoires dans son pool va dans le pool inf\u00e9rieur.<span class=\"Apple-converted-space\">\u00a0 <\/span>L\u2019\u00e9quipe qui finit 2i\u00e8me<span class=\"Apple-converted-space\">\u00a0 <\/span>reste dans son pool. (Si \u00e9galit\u00e9 voir feuille de r\u00e8glements.) <\/span><\/span><span style=\"font-size: medium;\"><span style=\"font-size: medium;\">\u00a0<\/span><\/span>Important, v\u00e9rifiez le nom de votre capitaine et votre num\u00e9ro d&rsquo;\u00e9quipe, car votre num\u00e9ro peut changer \u00e0 chaque semaine.<strong>Rappel : Malgr\u00e9 les heures indiqu\u00e9es, nous laisserons se terminer les 2 sets de chaque partie. Il se peut donc que certains terrains prennent du retard. SVP, pr\u00e9voir les \u00e9chauffements en cons\u00e9quence pour ne pas ralentir davantage la soir\u00e9e.<\/strong><\/td>\n<\/tr>\n<tr>\n<td valign=\"top\"><\/td>\n<td colspan=\"7\" valign=\"top\"><strong>Comme dans les derni\u00e8res ann\u00e9es, nous demandons que la premi\u00e8re personne de l&rsquo;\u00e9quipe qui arrive vienne chercher le pad de points, les 2 ballons du terrain et les 2 antennes qui devront \u00eatre install\u00e9es par les joueurs du premier match.\u00a0<\/strong><strong>Nous demandons aux \u00e9quipes du dernier match des terrains de rapporter le mat\u00e9riel. L&rsquo;\u00e9quipe gagnante a la responsabilit\u00e9 de ramener les 2 ballons et le pad de points et l&rsquo;\u00e9quipe perdante devra s&rsquo;occuper d&rsquo;enlever et de ramener les antennes au bac de rangement. Ceci nous aidera grandement.\u00a0<\/strong><\/p>\n<ul>\n<li>SVP Bien refermer le pad de points pour ne pas briser les points.<\/li>\n<\/ul>\n<\/td>\n<\/tr>\n<\/tbody>\n<\/table>\n<p><strong><a href=\"http:\/\/beaucebeachvolley.com\/bbv\/?page_id=452&amp;print=1\" title=\"Imprimer ce lien\" rel=\"nofollow\"><img decoding=\"async\" class=\"WP-PrintIcon\" src=\"http:\/\/beaucebeachvolley.com\/bbv\/wp-content\/plugins\/wp-print\/images\/print.gif\" alt=\"Imprimer ce lien\" title=\"Imprimer ce lien\" style=\"border: 0px;\" \/><\/a>&nbsp;<a href=\"http:\/\/beaucebeachvolley.com\/bbv\/?page_id=452&amp;print=1\" title=\"Imprimer ce lien\" rel=\"nofollow\">Imprimer ce lien<\/a><\/strong><\/p>\n","protected":false},"excerpt":{"rendered":"<p>Dimanche 17 ao\u00fbt 2025 A B C D 1 Philippe Giroux 4 Mathieu Ouellet 7 William Poulin 10 Marcel Labrecque 2 Tony Rodrigue 5 Jimmy Darac 8 Nicolas Labrecque 11 3 Guillaume Boutin 6 \u00c9ric Mercier 9 J\u00e9r\u00e9mie Ferland 12 E F G H 13 Alexa Maranda 16 Cora-Lee Douville 19 Caroline Dallaire 22 Erika [&hellip;]<\/p>\n","protected":false},"author":1,"featured_media":0,"parent":0,"menu_order":3,"comment_status":"closed","ping_status":"open","template":"","meta":{"footnotes":""},"class_list":["post-452","page","type-page","status-publish","hentry"],"_links":{"self":[{"href":"http:\/\/beaucebeachvolley.com\/bbv\/index.php?rest_route=\/wp\/v2\/pages\/452","targetHints":{"allow":["GET"]}}],"collection":[{"href":"http:\/\/beaucebeachvolley.com\/bbv\/index.php?rest_route=\/wp\/v2\/pages"}],"about":[{"href":"http:\/\/beaucebeachvolley.com\/bbv\/index.php?rest_route=\/wp\/v2\/types\/page"}],"author":[{"embeddable":true,"href":"http:\/\/beaucebeachvolley.com\/bbv\/index.php?rest_route=\/wp\/v2\/users\/1"}],"replies":[{"embeddable":true,"href":"http:\/\/beaucebeachvolley.com\/bbv\/index.php?rest_route=%2Fwp%2Fv2%2Fcomments&post=452"}],"version-history":[{"count":194,"href":"http:\/\/beaucebeachvolley.com\/bbv\/index.php?rest_route=\/wp\/v2\/pages\/452\/revisions"}],"predecessor-version":[{"id":1220,"href":"http:\/\/beaucebeachvolley.com\/bbv\/index.php?rest_route=\/wp\/v2\/pages\/452\/revisions\/1220"}],"wp:attachment":[{"href":"http:\/\/beaucebeachvolley.com\/bbv\/index.php?rest_route=%2Fwp%2Fv2%2Fmedia&parent=452"}],"curies":[{"name":"wp","href":"https:\/\/api.w.org\/{rel}","templated":true}]}}