{"id":55,"date":"2013-06-01T15:37:37","date_gmt":"2013-06-01T15:37:37","guid":{"rendered":"http:\/\/migration2.beaucebeachvolley.com\/bbv\/?page_id=55"},"modified":"2025-08-15T15:23:26","modified_gmt":"2025-08-15T15:23:26","slug":"reglements-4-x-4","status":"publish","type":"page","link":"http:\/\/beaucebeachvolley.com\/bbv\/?page_id=55","title":{"rendered":"R\u00e9glements 4 x 4"},"content":{"rendered":"<style type=\"text\/css\"><!-- @font-face { font-family: \"Arial\"; }@font-face { font-family: \"\uff2d\uff33 \u660e\u671d\"; }@font-face { font-family: \"\uff2d\uff33 \u660e\u671d\"; }@font-face { font-family: \"Cambria\"; }p.MsoNormal, li.MsoNormal, div.MsoNormal { margin: 0cm 0cm 0.0001pt; font-size: 12pt; font-family: Cambria; }.MsoChpDefault { font-family: Cambria; }div.WordSection1 { page: WordSection1; } --><\/style>\n<p align=\"center\">BEAUCE BEACH VOLLEY<\/p>\n<p><b><span style=\"text-decoration: underline;\">R\u00e8glements de jeu<\/span><\/b><\/p>\n<p>&nbsp;<\/p>\n<ul>\n<li>Deux parties de 21 points ping-pong, 2 points de diff\u00e9rence, maximum de 23 points.<\/li>\n<li>Nous jouons les matchs au complet, sans limite de temps.<\/li>\n<li>Si une \u00e9quipe ne se pr\u00e9sente pas \u00e0 l\u2019heure pr\u00e9vue pour la partie, elle perdra son 1er set apr\u00e8s 10 minutes et son 2e set apr\u00e8s 20 minutes.<\/li>\n<li>Auto-arbitrage.<\/li>\n<li>Pas le droit au \u00abtip\u00bb ni \u00e0 la touche pour traverser le ballon.<\/li>\n<li>Les hommes ne peuvent pas \u00abbloquer\u00bb les femmes ou m\u00eame faire une tentative en ce sens.<\/li>\n<\/ul>\n<p>Diff\u00e9rences pour les pools de quatre (4) \u00e9quipes:<\/p>\n<ul>\n<li><strong>Trois parties<\/strong> de 21 points ping-pong, 2 points de diff\u00e9rence et maximum de 23 points<\/li>\n<li>Pour le classement; <strong>deux des quatre \u00e9quipes<\/strong> restent dans le pool \u00e0 la fin de la soir\u00e9e.\n<ul>\n<li>L&rsquo;\u00e9quipe qui termine premi\u00e8re monte au pool sup\u00e9rieur<\/li>\n<li>L&rsquo;\u00e9quipe qui termine derni\u00e8re descend au pool inf\u00e9rieur<\/li>\n<\/ul>\n<\/li>\n<\/ul>\n<p>&nbsp;<\/p>\n<p><b><span style=\"text-decoration: underline;\">Bris d\u2019\u00e9galit\u00e9 pour motion d\u00e9motion (2 \u00e9quipes ou plus)<\/span><\/b><\/p>\n<p>&nbsp;<\/p>\n<p>En cas d\u2019\u00e9galit\u00e9, le bris se fait dans l\u2019ordre suivant et ce, jusqu\u2019\u00e0 ce que l\u2019\u00e9galit\u00e9 soit bris\u00e9e :<\/p>\n<p>&nbsp;<\/p>\n<ol start=\"1\">\n<li>1er meilleur quotient des sets gagn\u00e9s et sets perdus des rencontres opposant les \u00e9quipes \u00e0 \u00e9galit\u00e9 entre elles.<\/li>\n<li>2e meilleur quotient des points pour et des points contre des rencontres opposant les \u00e9quipes \u00e0 \u00e9galit\u00e9 entre elles.<\/li>\n<li>3e meilleur quotient des points pour et des points contre de toutes les rencontres de la rotation.<\/li>\n<\/ol>\n<p>&nbsp;<\/p>\n<p>Si l\u2019\u00e9galit\u00e9 persiste apr\u00e8s ces 3 crit\u00e8res, l\u2019\u00e9quipe la mieux class\u00e9e au d\u00e9but de la soir\u00e9e est gagnante.<\/p>\n<p>&nbsp;<\/p>\n<p><b><span style=\"text-decoration: underline;\">R\u00e8glements des \u00e9quipes<\/span><\/b><\/p>\n<p>&nbsp;<\/p>\n<ul>\n<li>En d\u00e9but de saison, une liste initiale devra \u00eatre remis comprenant 4 joueurs r\u00e9guliers (2 filles, 2 gars).<\/li>\n<li>Les capitaines ont jusqu\u2019\u00e0 la premi\u00e8re semaine de la construction pour ajouter 2 joueurs substituts (1 fille, 1 gars).<\/li>\n<\/ul>\n<ul>\n<li>Apr\u00e8s remise de votre liste au comit\u00e9, il ne sera plus possible de modifier ou d\u2019ajouter des membres \u00e0 votre \u00e9quipe.<\/li>\n<li>Un joueur r\u00e9gulier ne peut \u00eatre sur la liste de plus d\u2019une \u00e9quipe.<span style=\"text-decoration: underline;\">\u00a0 <\/span><\/li>\n<\/ul>\n<ul>\n<li>Durant la saison, la pr\u00e9sence de deux (2) des quatre (4) joueurs r\u00e9guliers de l\u2019\u00e9quipe est n\u00e9cessaire sinon votre \u00e9quipe perd par d\u00e9faut.<\/li>\n<li>Les joueurs substituts ne sont pas consid\u00e9r\u00e9s r\u00e9guliers durant la saison mais leur donnera le droit de participer aux s\u00e9ries.\u00a0 (voir section S\u00e9ries)<\/li>\n<li>Durant la saison, le remplacement d\u2019un membre de votre \u00e9quipe est permis mais ce rempla\u00e7ant n\u2019est pas consid\u00e9r\u00e9 membre r\u00e9gulier ou substitut de l\u2019\u00e9quipe et il doit provenir de la m\u00eame classe.<\/li>\n<li>Dans la classe B, aucun joueur masculin coll\u00e9gial AAA ou universitaire et aucune joueuse f\u00e9minine universitaire ne seront accept\u00e9s (actifs au cours des 12 derniers mois).<\/li>\n<li>Dans la classe C, aucun joueur masculin coll\u00e9gial AA et aucune joueuse f\u00e9minine coll\u00e9giale AAA ne seront accept\u00e9s (actifs au cours des 12 derniers mois).<\/li>\n<li>Dans la classe B, l\u2019absence d\u2019un joueur ou d\u2019une joueuse peut \u00eatre combl\u00e9e par un joueur ou une joueuse de classe C.<\/li>\n<li>Dans la classe C, l\u2019absence d\u2019un joueur ou d\u2019une joueuse ne pourra \u00eatre combl\u00e9e par un joueur ou une joueuse de classe B.<\/li>\n<li>Le comit\u00e9 se r\u00e9serve le droit de refuser toute \u00e9quipe jug\u00e9e trop forte selon la classe.<\/li>\n<\/ul>\n<p>&nbsp;<\/p>\n<p><b><span style=\"text-decoration: underline;\">R\u00e8glements des s\u00e9ries<\/span><\/b><\/p>\n<p>&nbsp;<\/p>\n<ul>\n<li>Toutes les \u00e9quipes participent aux s\u00e9ries.<\/li>\n<li>Les joueurs doivent \u00eatre inscrits sur la liste initiale pour avoir le droit de jouer dans l\u2019\u00e9quipe.\u00a0 Aucun rempla\u00e7ant ne sera permis s\u2019il n\u2019est pas sur la liste initiale.<\/li>\n<li>En cas de blessure d\u2019un membre de votre \u00e9quipe <span style=\"text-decoration: underline;\">durant le tournoi<\/span>, l\u2019\u00e9quipe demeure valide si un minimum de trois (3) membres r\u00e9guliers dont un maximum de deux (2) joueurs masculins inscrits \u00e0 votre liste initiale est pr\u00e9sent mais entra\u00eene que votre \u00e9quipe devra affronter l\u2019\u00e9quipe adverse \u00e0 trois (3) joueurs.<\/li>\n<li>Les joueurs de l\u2019\u00e9quipe partante ne peuvent pas \u00eatre chang\u00e9s au cours d\u2019un match (pr\u00e9liminaires, huiti\u00e8me, quart, demie et finale).<\/li>\n<\/ul>\n<p>&nbsp;<\/p>\n<p><b><span style=\"text-decoration: underline;\">Avis \u00e0 tous<\/span><\/b><\/p>\n<p><b><span style=\"text-decoration: underline;\">\u00a0<\/span><\/b><\/p>\n<ul>\n<li>Le co\u00fbt de l\u2019inscription est de 180 $ par \u00e9quipe pour les classes B et C et de 135$ par \u00e9quipe pour la classe 3&#215;3.\u00a0 Le non-paiement \u00e0 la date exig\u00e9e du co\u00fbt de l\u2019inscription entra\u00eenera la perte par d\u00e9faut de votre \u00e9quipe jusqu\u2019au plein paiement ainsi que de la perte de priorit\u00e9 de r\u00e9inscription de votre \u00e9quipe pour les saisons suivantes.<\/li>\n<li>Les capitaines des \u00e9quipes sont responsables de l\u2019exactitude des r\u00e9sultats indiqu\u00e9s sur les feuilles de pointage.\u00a0 Si, apr\u00e8s v\u00e9rification par les membres du comit\u00e9, les r\u00e9sultats ont \u00e9t\u00e9 mal ou non not\u00e9s, le classement demeurera inchang\u00e9.<\/li>\n<li>Si le capitaine de votre \u00e9quipe ne se r\u00e9inscrit pas l\u2019an prochain, votre \u00e9quipe conserve sa priorit\u00e9 si au moins deux (2) joueurs r\u00e9guliers (voir note 1) de votre \u00e9quipe actuelle y demeurent. \u00a0Veuillez nous en aviser le plus t\u00f4t possible.<\/li>\n<li>Si votre capitaine d\u00e9cide de jouer avec de nouveaux joueurs, il aura la priorit\u00e9.<\/li>\n<li>Si le capitaine ne joue pas cette ann\u00e9e pour une raison m\u00e9dicale, grossesse ou autre, il conservera sa priorit\u00e9 pour la saison prochaine si au moins deux (2) membres r\u00e9guliers (voir note 1) de l\u2019\u00e9quipe y demeurent. Le capitaine compte pour un membre r\u00e9gulier actif et ce privil\u00e8ge est d\u2019une dur\u00e9e de un (1) an.<\/li>\n<li>Aucun contenant de vitre ne sera tol\u00e9r\u00e9 au Parc des sept chutes.<\/li>\n<\/ul>\n<p>Aucuns remboursements si annulation d&rsquo;\u00e9quipe \u00e0 l&rsquo;int\u00e9rieur des 3 semaines pr\u00e9c\u00e9dent la date de d\u00e9but de la saison.<\/p>\n","protected":false},"excerpt":{"rendered":"<p>BEAUCE BEACH VOLLEY R\u00e8glements de jeu &nbsp; Deux parties de 21 points ping-pong, 2 points de diff\u00e9rence, maximum de 23 points. Nous jouons les matchs au complet, sans limite de temps. Si une \u00e9quipe ne se pr\u00e9sente pas \u00e0 l\u2019heure pr\u00e9vue pour la partie, elle perdra son 1er set apr\u00e8s 10 minutes et son 2e [&hellip;]<\/p>\n","protected":false},"author":1,"featured_media":0,"parent":0,"menu_order":9,"comment_status":"closed","ping_status":"closed","template":"","meta":{"footnotes":""},"class_list":["post-55","page","type-page","status-publish","hentry"],"_links":{"self":[{"href":"http:\/\/beaucebeachvolley.com\/bbv\/index.php?rest_route=\/wp\/v2\/pages\/55","targetHints":{"allow":["GET"]}}],"collection":[{"href":"http:\/\/beaucebeachvolley.com\/bbv\/index.php?rest_route=\/wp\/v2\/pages"}],"about":[{"href":"http:\/\/beaucebeachvolley.com\/bbv\/index.php?rest_route=\/wp\/v2\/types\/page"}],"author":[{"embeddable":true,"href":"http:\/\/beaucebeachvolley.com\/bbv\/index.php?rest_route=\/wp\/v2\/users\/1"}],"replies":[{"embeddable":true,"href":"http:\/\/beaucebeachvolley.com\/bbv\/index.php?rest_route=%2Fwp%2Fv2%2Fcomments&post=55"}],"version-history":[{"count":17,"href":"http:\/\/beaucebeachvolley.com\/bbv\/index.php?rest_route=\/wp\/v2\/pages\/55\/revisions"}],"predecessor-version":[{"id":1218,"href":"http:\/\/beaucebeachvolley.com\/bbv\/index.php?rest_route=\/wp\/v2\/pages\/55\/revisions\/1218"}],"wp:attachment":[{"href":"http:\/\/beaucebeachvolley.com\/bbv\/index.php?rest_route=%2Fwp%2Fv2%2Fmedia&parent=55"}],"curies":[{"name":"wp","href":"https:\/\/api.w.org\/{rel}","templated":true}]}}