{"id":63,"date":"2013-06-01T15:43:49","date_gmt":"2013-06-01T15:43:49","guid":{"rendered":"http:\/\/migration2.beaucebeachvolley.com\/bbv\/?page_id=63"},"modified":"2025-06-30T20:36:59","modified_gmt":"2025-06-30T20:36:59","slug":"reglements-2-x-2","status":"publish","type":"page","link":"http:\/\/beaucebeachvolley.com\/bbv\/?page_id=63","title":{"rendered":"R\u00e9glements 3 x 3"},"content":{"rendered":"<p><strong>R\u00e8glements de jeu<\/strong><\/p>\n<p>Deux parties de 21 points ping-pong, 2 points de diff\u00e9rence, maximum de 23 points. Nous jouons les matchs au complet, sans limite de temps.<\/p>\n<p>Si une \u00e9quipe ne se pr\u00e9sente pas \u00e0 l\u2019heure pr\u00e9vue pour la partie, elle perdra son 1er set apr\u00e8s 10 minutes et son 2e set apr\u00e8s 20 minutes. Auto-arbitrage. Pas le droit au \u00abtip\u00bb ni \u00e0 la touche pour traverser le ballon. \u00a0Il est interdit de faire une r\u00e9ception de service en touche.<\/p>\n<p>Un joueur (1) minimum doit \u00eatre pr\u00e9sent pour que les parties soient consid\u00e9r\u00e9es comme valides.<\/p>\n<p>Le bloque est consid\u00e9r\u00e9 comme un contact lors du jeu.<\/p>\n<p><strong>\u00a0<\/strong><\/p>\n<p><strong>Bris d\u2019\u00e9galit\u00e9 pour motion d\u00e9motion (2 \u00e9quipes ou plus)<\/strong><\/p>\n<p>En cas d\u2019\u00e9galit\u00e9, le bris se fait dans l\u2019ordre suivant et ce, jusqu\u2019\u00e0 ce que l\u2019\u00e9galit\u00e9 soit bris\u00e9e :<\/p>\n<p>1. 1er meilleur quotient des sets gagn\u00e9s et sets perdus des rencontres opposant les \u00e9quipes \u00e0 \u00e9galit\u00e9 entre elles.<\/p>\n<p>2. 2e meilleur quotient des points pour et des points contre des rencontres opposant les \u00e9quipes \u00e0 \u00e9galit\u00e9 entre elles.<\/p>\n<p>3.\u00a0\u00a0\u00a0\u00a0\u00a0\u00a03e meilleur quotient des points pour et des points contre de toutes les rencontres de la rotation.<\/p>\n<p>Si l\u2019\u00e9galit\u00e9 persiste apr\u00e8s ces 3 crit\u00e8res, l\u2019\u00e9quipe la mieux class\u00e9e au d\u00e9but de la soir\u00e9e est gagnante.<\/p>\n<p><strong>\u00a0<\/strong><\/p>\n<p><strong>R\u00e8glements des \u00e9quipes<\/strong><\/p>\n<p>En d\u00e9but de saison, une liste initiale devra \u00eatre remis comprenant trois (3) joueurs r\u00e9guliers et un (1) substitut. Apr\u00e8s remise de votre liste au comit\u00e9, il ne sera plus possible de modifier ou d\u2019ajouter des membres \u00e0 votre \u00e9quipe. \u00a0Vous avez jusqu&rsquo;aux vacances de la construction pour fournir le nom du 4e joueur de votre \u00e9quipe qui sera le substitut.<\/p>\n<p>Un joueur r\u00e9gulier ne peut \u00eatre sur la liste de plus d\u2019une \u00e9quipe et un joueur substitut ne peut \u00eatre un membre r\u00e9gulier d\u2019une autre \u00e9quipe. Durant la saison, la pr\u00e9sence de un (1) des trois (3) joueurs r\u00e9guliers de l\u2019\u00e9quipe est n\u00e9cessaire sinon votre \u00e9quipe perd par d\u00e9faut.<\/p>\n<p>Les joueurs substituts ne sont pas consid\u00e9r\u00e9s r\u00e9guliers durant la saison mais leur donnera le droit de participer aux s\u00e9ries. Durant la saison, le remplacement d\u2019un membre de votre \u00e9quipe est permis mais ce rempla\u00e7ant n\u2019est pas consid\u00e9r\u00e9 membre r\u00e9gulier ou substitut de l\u2019\u00e9quipe et il doit provenir de la m\u00eame classe.<\/p>\n<p><strong>\u00a0<\/strong><\/p>\n<p><strong>R\u00e8glements des s\u00e9ries<\/strong><\/p>\n<p>Toutes les \u00e9quipes participent aux s\u00e9ries. Les joueurs doivent \u00eatre inscrits sur la liste initiale pour avoir le droit de jouer dans l\u2019\u00e9quipe. Aucun rempla\u00e7ant ne sera permis s\u2019il n\u2019est pas sur la liste initiale. En cas de blessure d\u2019un membre de votre \u00e9quipe durant le tournoi, l\u2019\u00e9quipe demeure valide si un minimum de deux (2) membres (r\u00e9guliers et\/ou substituts) sont pr\u00e9sents.<\/p>\n<p><strong>\u00a0<\/strong><strong>\u00a0<\/strong><strong>Avis \u00e0 tous<\/strong><\/p>\n<p>Le co\u00fbt de l\u2019inscription est de 135$ par \u00e9quipe pour la classe 3&#215;3. Le non-paiement \u00e0 la date exig\u00e9e du co\u00fbt de l\u2019inscription entra\u00eenera la perte par d\u00e9faut de votre \u00e9quipe jusqu\u2019au plein paiement ainsi que de la perte de priorit\u00e9 de r\u00e9inscription de votre \u00e9quipe pour les saisons suivantes.<\/p>\n<p>Les capitaines des \u00e9quipes sont responsables de l\u2019exactitude des r\u00e9sultats indiqu\u00e9s sur les feuilles de pointage. Si, apr\u00e8s v\u00e9rification par les membres du comit\u00e9, les r\u00e9sultats ont \u00e9t\u00e9 mal ou non not\u00e9s, le classement demeurera inchang\u00e9.<\/p>\n<p>Si le capitaine de votre \u00e9quipe ne se r\u00e9inscrit pas l\u2019an prochain, votre \u00e9quipe conserve sa priorit\u00e9 si au moins un (1) joueurs r\u00e9guliers (voir note 1) de votre \u00e9quipe actuelle y demeurent. Veuillez nous en aviser le plus t\u00f4t possible. Si votre capitaine d\u00e9cide de jouer avec de nouveaux joueurs, il aura la priorit\u00e9.<\/p>\n<p>Si le capitaine ne joue pas cette ann\u00e9e pour une raison m\u00e9dicale, grossesse ou autre, il conservera sa priorit\u00e9 pour la saison prochaine si au moins deux (2) membres r\u00e9guliers (voir note 1) de l\u2019\u00e9quipe y demeurent. Le capitaine compte pour un membre r\u00e9gulier actif et ce privil\u00e8ge est d\u2019une dur\u00e9e de un (1) an.<\/p>\n<p>Aucuns remboursements si annulation d&rsquo;\u00e9quipe \u00e0 l&rsquo;int\u00e9rieur des 3 semaines pr\u00e9c\u00e9dent la date de d\u00e9but de la saison.<\/p>\n<p>&nbsp;<\/p>\n<p><strong>Aucun contenant de vitre ne sera tol\u00e9r\u00e9 au Parc des sept chutes.<\/strong><\/p>\n<p><strong>\u00a0<\/strong><\/p>\n<p>&nbsp;<\/p>\n","protected":false},"excerpt":{"rendered":"<p>R\u00e8glements de jeu Deux parties de 21 points ping-pong, 2 points de diff\u00e9rence, maximum de 23 points. Nous jouons les matchs au complet, sans limite de temps. Si une \u00e9quipe ne se pr\u00e9sente pas \u00e0 l\u2019heure pr\u00e9vue pour la partie, elle perdra son 1er set apr\u00e8s 10 minutes et son 2e set apr\u00e8s 20 minutes. [&hellip;]<\/p>\n","protected":false},"author":1,"featured_media":0,"parent":0,"menu_order":8,"comment_status":"closed","ping_status":"closed","template":"","meta":{"footnotes":""},"class_list":["post-63","page","type-page","status-publish","hentry"],"_links":{"self":[{"href":"http:\/\/beaucebeachvolley.com\/bbv\/index.php?rest_route=\/wp\/v2\/pages\/63","targetHints":{"allow":["GET"]}}],"collection":[{"href":"http:\/\/beaucebeachvolley.com\/bbv\/index.php?rest_route=\/wp\/v2\/pages"}],"about":[{"href":"http:\/\/beaucebeachvolley.com\/bbv\/index.php?rest_route=\/wp\/v2\/types\/page"}],"author":[{"embeddable":true,"href":"http:\/\/beaucebeachvolley.com\/bbv\/index.php?rest_route=\/wp\/v2\/users\/1"}],"replies":[{"embeddable":true,"href":"http:\/\/beaucebeachvolley.com\/bbv\/index.php?rest_route=%2Fwp%2Fv2%2Fcomments&post=63"}],"version-history":[{"count":13,"href":"http:\/\/beaucebeachvolley.com\/bbv\/index.php?rest_route=\/wp\/v2\/pages\/63\/revisions"}],"predecessor-version":[{"id":1170,"href":"http:\/\/beaucebeachvolley.com\/bbv\/index.php?rest_route=\/wp\/v2\/pages\/63\/revisions\/1170"}],"wp:attachment":[{"href":"http:\/\/beaucebeachvolley.com\/bbv\/index.php?rest_route=%2Fwp%2Fv2%2Fmedia&parent=63"}],"curies":[{"name":"wp","href":"https:\/\/api.w.org\/{rel}","templated":true}]}}