{"id":664,"date":"2018-08-17T21:24:34","date_gmt":"2018-08-17T21:24:34","guid":{"rendered":"http:\/\/beaucebeachvolley.com\/bbv\/?page_id=664"},"modified":"2023-08-18T13:07:26","modified_gmt":"2023-08-18T13:07:26","slug":"horaire-du-tournoi-de-fin-de-saison","status":"publish","type":"page","link":"http:\/\/beaucebeachvolley.com\/bbv\/?page_id=664","title":{"rendered":"Horaire du tournoi de fin de saison 2023"},"content":{"rendered":"<p>Le tournoi de fin de saison 2023 est pr\u00e9vu pour avoir lieu 19 et 20 ao\u00fbt 2023.<\/p>\n<p><strong>Classement des \u00e9quipes en fin de saison et # pour le tournoi :\u00a0<\/strong>\u00a0\u00a0<a href=\"http:\/\/beaucebeachvolley.com\/bbv\/wp-content\/uploads\/2018\/08\/des-e\u0301quipes.pdf\"># des e\u0301quipes<\/a><\/p>\n<p><strong>Cat\u00e9gorie &#8211; B et C :<\/strong>\u00a0 <a href=\"http:\/\/beaucebeachvolley.com\/bbv\/wp-content\/uploads\/2018\/08\/Horaire-Samedi-19-aou\u0302t-2023.pdf\">Horaire Samedi &#8211; 19 aou\u0302t 2023<\/a><\/p>\n<p><strong>Cat\u00e9gorie &#8211; 3v3 :<\/strong>\u00a0\u00a0<a href=\"http:\/\/beaucebeachvolley.com\/bbv\/wp-content\/uploads\/2018\/08\/Horaire-dimanche-20-aou\u0302t-2023.pdf\">Horaire dimanche &#8211; 20 aou\u0302t 2023<\/a><\/p>\n<p>&nbsp;<\/p>\n<p>&nbsp;<\/p>\n","protected":false},"excerpt":{"rendered":"<p>Le tournoi de fin de saison 2023 est pr\u00e9vu pour avoir lieu 19 et 20 ao\u00fbt 2023. Classement des \u00e9quipes en fin de saison et # pour le tournoi :\u00a0\u00a0\u00a0# des e\u0301quipes Cat\u00e9gorie &#8211; B et C :\u00a0 Horaire Samedi &#8211; 19 aou\u0302t 2023 Cat\u00e9gorie &#8211; 3v3 :\u00a0\u00a0Horaire dimanche &#8211; 20 aou\u0302t 2023 &nbsp; &nbsp;<\/p>\n","protected":false},"author":1,"featured_media":0,"parent":0,"menu_order":0,"comment_status":"closed","ping_status":"closed","template":"","meta":{"footnotes":""},"class_list":["post-664","page","type-page","status-publish","hentry"],"_links":{"self":[{"href":"http:\/\/beaucebeachvolley.com\/bbv\/index.php?rest_route=\/wp\/v2\/pages\/664","targetHints":{"allow":["GET"]}}],"collection":[{"href":"http:\/\/beaucebeachvolley.com\/bbv\/index.php?rest_route=\/wp\/v2\/pages"}],"about":[{"href":"http:\/\/beaucebeachvolley.com\/bbv\/index.php?rest_route=\/wp\/v2\/types\/page"}],"author":[{"embeddable":true,"href":"http:\/\/beaucebeachvolley.com\/bbv\/index.php?rest_route=\/wp\/v2\/users\/1"}],"replies":[{"embeddable":true,"href":"http:\/\/beaucebeachvolley.com\/bbv\/index.php?rest_route=%2Fwp%2Fv2%2Fcomments&post=664"}],"version-history":[{"count":11,"href":"http:\/\/beaucebeachvolley.com\/bbv\/index.php?rest_route=\/wp\/v2\/pages\/664\/revisions"}],"predecessor-version":[{"id":1113,"href":"http:\/\/beaucebeachvolley.com\/bbv\/index.php?rest_route=\/wp\/v2\/pages\/664\/revisions\/1113"}],"wp:attachment":[{"href":"http:\/\/beaucebeachvolley.com\/bbv\/index.php?rest_route=%2Fwp%2Fv2%2Fmedia&parent=664"}],"curies":[{"name":"wp","href":"https:\/\/api.w.org\/{rel}","templated":true}]}}